{"id":10034,"date":"2023-02-14T11:42:44","date_gmt":"2023-02-14T10:42:44","guid":{"rendered":"https:\/\/hdkard.com\/?page_id=10034"},"modified":"2023-06-08T12:54:56","modified_gmt":"2023-06-08T10:54:56","slug":"blog-2","status":"publish","type":"page","link":"https:\/\/hdkard.com\/en\/blog-2\/","title":{"rendered":"Blog"},"content":{"rendered":"<div data-elementor-type=\"wp-page\" data-elementor-id=\"10034\" class=\"elementor elementor-10034\">\n\t\t\t\t<div class=\"elementor-element elementor-element-47f63bc e-flex e-con-boxed e-con e-parent\" data-id=\"47f63bc\" data-element_type=\"container\" data-e-type=\"container\">\n\t\t\t\t\t<div class=\"e-con-inner\">\n\t\t\t\t\t<\/div>\n\t\t\t\t<\/div>\n\t\t<div class=\"elementor-element elementor-element-c366692 e-flex e-con-boxed e-con e-parent\" data-id=\"c366692\" data-element_type=\"container\" data-e-type=\"container\">\n\t\t\t\t\t<div class=\"e-con-inner\">\n\t\t\t\t<div class=\"elementor-element elementor-element-5680e8b elementor-widget elementor-widget-spacer\" data-id=\"5680e8b\" data-element_type=\"widget\" data-e-type=\"widget\" data-widget_type=\"spacer.default\">\n\t\t\t\t<div class=\"elementor-widget-container\">\n\t\t\t\t\t\t\t<div class=\"elementor-spacer\">\n\t\t\t<div class=\"elementor-spacer-inner\"><\/div>\n\t\t<\/div>\n\t\t\t\t\t\t<\/div>\n\t\t\t\t<\/div>\n\t\t\t\t<div class=\"elementor-element elementor-element-9a48225 elementor-widget elementor-widget-ld_blog\" data-id=\"9a48225\" data-element_type=\"widget\" data-e-type=\"widget\" data-widget_type=\"ld_blog.default\">\n\t\t\t\t<div class=\"elementor-widget-container\">\n\t\t\t\t\t<div class=\"lqd-lp-grid 9a48225 blog-id-161776165\"><div class=\"lqd-lp-grid-inner\" data-id=\"0\"><div class=\"lqd-lp-row row pos-rel d-flex flex-wrap\" ><div class=\"lqd-lp-column d-flex flex-column col-md-4 col-sm-6 nfc lqd-f-1\"><article id=\"post-10891\" class=\"lqd-lp pos-rel lqd-lp lqd-lp-style-6 lqd-lp-style-6-alt lqd-lp-hover-img-zoom lqd-lp-hover-img-zoom-out lqd-lp-animate-onhover border-radius-4 overflow-hidden text-start post-10891 post type-post status-publish format-standard has-post-thumbnail hentry category-nfc\">\n<div class=\"lqd-lp-img overflow-hidden\">\n\n\t<figure><img fetchpriority=\"high\" decoding=\"async\" width=\"640\" height=\"364\" src=\"https:\/\/hdkard.com\/wp-content\/uploads\/2023\/04\/Comment-faire-une-visite-virtuelle-avec-smartphone-640x364.webp\" class=\"w-100 wp-post-image\" alt=\"\" itemprop=\"image\" \/><\/figure>\n\t<div class=\"lqd-lp-meta text-uppercase font-weight-bold pos-rel z-index-3\">\n\t\t<span class=\"screen-reader-text\">Tags <\/span><ul class=\"lqd-lp-cat lqd-lp-cat-shaped lqd-lp-cat-solid reset-ul inline-ul font-weight-bold text-uppercase ltr-sp-1\"><li><a class=\"border-radius-circle\" href=\"https:\/\/hdkard.com\/en\/category\/nfc\/\" rel=\"category\" style=\"--color-primary:#ffffff\">NFC<\/a><\/li><\/ul>\t<\/div>\n\n<\/div>\n\n<header class=\"lqd-lp-header pt-4 ps-3 pe-3 px-3\">\n\n\t<div class=\"lqd-lp-meta lqd-lp-meta-dot-between d-flex flex-wrap align-items-center\">\n\n\t\t<div class=\"lqd-lp-author pos-rel z-index-3\">\n\t\t\t<div class=\"lqd-lp-author-info\">\n\t\t\t\t<h3 class=\"mt-0 mb-0\"><a href=\"https:\/\/hdkard.com\/en\/author\/mseo\/\">mseo<\/a><\/h3>\n\t\t\t<\/div>\n\t\t<\/div>\n\n\t\t<time class=\"lqd-lp-date\" datetime=\"2023-04-27T12:26:07+02:00\">3 years ago<\/time>\n\t<\/div>\n\n\t<h2 class=\"entry-title lqd-lp-title mt-2 mb-0 h5\"><a  href=\"https:\/\/hdkard.com\/en\/visite-virtuelle-avec-smartphone-comment-proceder\/\" rel=\"bookmark\">Visite virtuelle avec smartphone\u202f: comment proc\u00e9der\u202f?<\/a><\/h2>\n<\/header>\n\n\t\t\t<div class=\"lqd-lp-excerpt pt-2 pb-4 ps-3 pe-3 px-3\">\n\t\t\t\tComment faire une visite virtuelle avec smartphone ? Dans l\u2019\u00e8re&hellip;\t\t\t<\/div>\n\t\t\n<a  href=\"https:\/\/hdkard.com\/en\/visite-virtuelle-avec-smartphone-comment-proceder\/\" class=\"lqd-lp-overlay-link lqd-overlay lqd-cc-label-trigger z-index-2\" tab-index=\"-1\"><\/a><\/article><\/div><div class=\"lqd-lp-column d-flex flex-column col-md-4 col-sm-6 nfc lqd-f-1\"><article id=\"post-10883\" class=\"lqd-lp pos-rel lqd-lp lqd-lp-style-6 lqd-lp-style-6-alt lqd-lp-hover-img-zoom lqd-lp-hover-img-zoom-out lqd-lp-animate-onhover border-radius-4 overflow-hidden text-start post-10883 post type-post status-publish format-standard has-post-thumbnail hentry category-nfc\">\n<div class=\"lqd-lp-img overflow-hidden\">\n\n\t<figure><img decoding=\"async\" width=\"640\" height=\"364\" src=\"data:image\/svg+xml;charset=utf-8,%3Csvg xmlns%3D&#039;http%3A%2F%2Fwww.w3.org%2F2000%2Fsvg&#039; viewBox%3D&#039;0 0 640 364&#039;%2F%3E\" class=\"w-100 ld-lazyload wp-post-image\" alt=\"\" itemprop=\"image\" data-src=\"https:\/\/hdkard.com\/wp-content\/uploads\/2023\/04\/Conception-dune-carte-de-visite-sur-mesure-procedure-et-avantages-640x364.webp\" data-aspect=\"1.7582417582418\" \/><\/figure>\n\t<div class=\"lqd-lp-meta text-uppercase font-weight-bold pos-rel z-index-3\">\n\t\t<span class=\"screen-reader-text\">Tags <\/span><ul class=\"lqd-lp-cat lqd-lp-cat-shaped lqd-lp-cat-solid reset-ul inline-ul font-weight-bold text-uppercase ltr-sp-1\"><li><a class=\"border-radius-circle\" href=\"https:\/\/hdkard.com\/en\/category\/nfc\/\" rel=\"category\" style=\"--color-primary:#ffffff\">NFC<\/a><\/li><\/ul>\t<\/div>\n\n<\/div>\n\n<header class=\"lqd-lp-header pt-4 ps-3 pe-3 px-3\">\n\n\t<div class=\"lqd-lp-meta lqd-lp-meta-dot-between d-flex flex-wrap align-items-center\">\n\n\t\t<div class=\"lqd-lp-author pos-rel z-index-3\">\n\t\t\t<div class=\"lqd-lp-author-info\">\n\t\t\t\t<h3 class=\"mt-0 mb-0\"><a href=\"https:\/\/hdkard.com\/en\/author\/mseo\/\">mseo<\/a><\/h3>\n\t\t\t<\/div>\n\t\t<\/div>\n\n\t\t<time class=\"lqd-lp-date\" datetime=\"2023-04-25T13:29:14+02:00\">3 years ago<\/time>\n\t<\/div>\n\n\t<h2 class=\"entry-title lqd-lp-title mt-2 mb-0 h5\"><a  href=\"https:\/\/hdkard.com\/en\/comment-realiser-une-carte-digitale-sur-mesure\/\" rel=\"bookmark\">Comment r\u00e9aliser une carte digitale sur mesure\u202f?\u00a0<\/a><\/h2>\n<\/header>\n\n\t\t\t<div class=\"lqd-lp-excerpt pt-2 pb-4 ps-3 pe-3 px-3\">\n\t\t\t\tConception d\u2019une carte de visite sur mesure\u202f: proc\u00e9dure et avantages&hellip;\t\t\t<\/div>\n\t\t\n<a  href=\"https:\/\/hdkard.com\/en\/comment-realiser-une-carte-digitale-sur-mesure\/\" class=\"lqd-lp-overlay-link lqd-overlay lqd-cc-label-trigger z-index-2\" tab-index=\"-1\"><\/a><\/article><\/div><div class=\"lqd-lp-column d-flex flex-column col-md-4 col-sm-6 nfc lqd-f-1\"><article id=\"post-10877\" class=\"lqd-lp pos-rel lqd-lp lqd-lp-style-6 lqd-lp-style-6-alt lqd-lp-hover-img-zoom lqd-lp-hover-img-zoom-out lqd-lp-animate-onhover border-radius-4 overflow-hidden text-start post-10877 post type-post status-publish format-standard has-post-thumbnail hentry category-nfc\">\n<div class=\"lqd-lp-img overflow-hidden\">\n\n\t<figure><img decoding=\"async\" width=\"640\" height=\"364\" src=\"data:image\/svg+xml;charset=utf-8,%3Csvg xmlns%3D&#039;http%3A%2F%2Fwww.w3.org%2F2000%2Fsvg&#039; viewBox%3D&#039;0 0 640 364&#039;%2F%3E\" class=\"w-100 ld-lazyload wp-post-image\" alt=\"\" itemprop=\"image\" data-src=\"https:\/\/hdkard.com\/wp-content\/uploads\/2023\/04\/RFID-et-NFC-Quelle-difference-640x364.webp\" data-aspect=\"1.7582417582418\" \/><\/figure>\n\t<div class=\"lqd-lp-meta text-uppercase font-weight-bold pos-rel z-index-3\">\n\t\t<span class=\"screen-reader-text\">Tags <\/span><ul class=\"lqd-lp-cat lqd-lp-cat-shaped lqd-lp-cat-solid reset-ul inline-ul font-weight-bold text-uppercase ltr-sp-1\"><li><a class=\"border-radius-circle\" href=\"https:\/\/hdkard.com\/en\/category\/nfc\/\" rel=\"category\" style=\"--color-primary:#ffffff\">NFC<\/a><\/li><\/ul>\t<\/div>\n\n<\/div>\n\n<header class=\"lqd-lp-header pt-4 ps-3 pe-3 px-3\">\n\n\t<div class=\"lqd-lp-meta lqd-lp-meta-dot-between d-flex flex-wrap align-items-center\">\n\n\t\t<div class=\"lqd-lp-author pos-rel z-index-3\">\n\t\t\t<div class=\"lqd-lp-author-info\">\n\t\t\t\t<h3 class=\"mt-0 mb-0\"><a href=\"https:\/\/hdkard.com\/en\/author\/mseo\/\">mseo<\/a><\/h3>\n\t\t\t<\/div>\n\t\t<\/div>\n\n\t\t<time class=\"lqd-lp-date\" datetime=\"2023-04-25T13:24:29+02:00\">3 years ago<\/time>\n\t<\/div>\n\n\t<h2 class=\"entry-title lqd-lp-title mt-2 mb-0 h5\"><a  href=\"https:\/\/hdkard.com\/en\/rfid-et-nfc-designent-la-meme-realite\/\" rel=\"bookmark\">RFID et NFC d\u00e9signent la m\u00eame r\u00e9alit\u00e9\u202f?<\/a><\/h2>\n<\/header>\n\n\t\t\t<div class=\"lqd-lp-excerpt pt-2 pb-4 ps-3 pe-3 px-3\">\n\t\t\t\tRFID et NFC\u202f: Quelle diff\u00e9rence\u202f? La RFID et le NFC&hellip;\t\t\t<\/div>\n\t\t\n<a  href=\"https:\/\/hdkard.com\/en\/rfid-et-nfc-designent-la-meme-realite\/\" class=\"lqd-lp-overlay-link lqd-overlay lqd-cc-label-trigger z-index-2\" tab-index=\"-1\"><\/a><\/article><\/div><div class=\"lqd-lp-column d-flex flex-column col-md-4 col-sm-6 nfc lqd-f-1\"><article id=\"post-10871\" class=\"lqd-lp pos-rel lqd-lp lqd-lp-style-6 lqd-lp-style-6-alt lqd-lp-hover-img-zoom lqd-lp-hover-img-zoom-out lqd-lp-animate-onhover border-radius-4 overflow-hidden text-start post-10871 post type-post status-publish format-standard has-post-thumbnail hentry category-nfc\">\n<div class=\"lqd-lp-img overflow-hidden\">\n\n\t<figure><img loading=\"lazy\" decoding=\"async\" width=\"640\" height=\"364\" src=\"data:image\/svg+xml;charset=utf-8,%3Csvg xmlns%3D&#039;http%3A%2F%2Fwww.w3.org%2F2000%2Fsvg&#039; viewBox%3D&#039;0 0 640 364&#039;%2F%3E\" class=\"w-100 ld-lazyload wp-post-image\" alt=\"\" itemprop=\"image\" data-src=\"https:\/\/hdkard.com\/wp-content\/uploads\/2023\/04\/5-astuces-pour-creer-une-carte-de-visite-digitale-640x364.webp\" data-aspect=\"1.7582417582418\" \/><\/figure>\n\t<div class=\"lqd-lp-meta text-uppercase font-weight-bold pos-rel z-index-3\">\n\t\t<span class=\"screen-reader-text\">Tags <\/span><ul class=\"lqd-lp-cat lqd-lp-cat-shaped lqd-lp-cat-solid reset-ul inline-ul font-weight-bold text-uppercase ltr-sp-1\"><li><a class=\"border-radius-circle\" href=\"https:\/\/hdkard.com\/en\/category\/nfc\/\" rel=\"category\" style=\"--color-primary:#ffffff\">NFC<\/a><\/li><\/ul>\t<\/div>\n\n<\/div>\n\n<header class=\"lqd-lp-header pt-4 ps-3 pe-3 px-3\">\n\n\t<div class=\"lqd-lp-meta lqd-lp-meta-dot-between d-flex flex-wrap align-items-center\">\n\n\t\t<div class=\"lqd-lp-author pos-rel z-index-3\">\n\t\t\t<div class=\"lqd-lp-author-info\">\n\t\t\t\t<h3 class=\"mt-0 mb-0\"><a href=\"https:\/\/hdkard.com\/en\/author\/mseo\/\">mseo<\/a><\/h3>\n\t\t\t<\/div>\n\t\t<\/div>\n\n\t\t<time class=\"lqd-lp-date\" datetime=\"2023-04-25T13:21:07+02:00\">3 years ago<\/time>\n\t<\/div>\n\n\t<h2 class=\"entry-title lqd-lp-title mt-2 mb-0 h5\"><a  href=\"https:\/\/hdkard.com\/en\/comment-realiser-une-carte-de-visite-digitale\/\" rel=\"bookmark\">Comment r\u00e9aliser une carte de visite digitale\u202f?\u00a0<\/a><\/h2>\n<\/header>\n\n\t\t\t<div class=\"lqd-lp-excerpt pt-2 pb-4 ps-3 pe-3 px-3\">\n\t\t\t\t5 \u00e9tapes pour cr\u00e9er une carte de visite digitale\u202f? \u00c0&hellip;\t\t\t<\/div>\n\t\t\n<a  href=\"https:\/\/hdkard.com\/en\/comment-realiser-une-carte-de-visite-digitale\/\" class=\"lqd-lp-overlay-link lqd-overlay lqd-cc-label-trigger z-index-2\" tab-index=\"-1\"><\/a><\/article><\/div><div class=\"lqd-lp-column d-flex flex-column col-md-4 col-sm-6 nfc lqd-f-1\"><article id=\"post-10859\" class=\"lqd-lp pos-rel lqd-lp lqd-lp-style-6 lqd-lp-style-6-alt lqd-lp-hover-img-zoom lqd-lp-hover-img-zoom-out lqd-lp-animate-onhover border-radius-4 overflow-hidden text-start post-10859 post type-post status-publish format-standard has-post-thumbnail hentry category-nfc\">\n<div class=\"lqd-lp-img overflow-hidden\">\n\n\t<figure><img loading=\"lazy\" decoding=\"async\" width=\"640\" height=\"364\" src=\"data:image\/svg+xml;charset=utf-8,%3Csvg xmlns%3D&#039;http%3A%2F%2Fwww.w3.org%2F2000%2Fsvg&#039; viewBox%3D&#039;0 0 640 364&#039;%2F%3E\" class=\"w-100 ld-lazyload wp-post-image\" alt=\"\" itemprop=\"image\" data-src=\"https:\/\/hdkard.com\/wp-content\/uploads\/2023\/04\/Comment-marche-une-carte-de-visite-numerique-640x364.webp\" data-aspect=\"1.7582417582418\" \/><\/figure>\n\t<div class=\"lqd-lp-meta text-uppercase font-weight-bold pos-rel z-index-3\">\n\t\t<span class=\"screen-reader-text\">Tags <\/span><ul class=\"lqd-lp-cat lqd-lp-cat-shaped lqd-lp-cat-solid reset-ul inline-ul font-weight-bold text-uppercase ltr-sp-1\"><li><a class=\"border-radius-circle\" href=\"https:\/\/hdkard.com\/en\/category\/nfc\/\" rel=\"category\" style=\"--color-primary:#ffffff\">NFC<\/a><\/li><\/ul>\t<\/div>\n\n<\/div>\n\n<header class=\"lqd-lp-header pt-4 ps-3 pe-3 px-3\">\n\n\t<div class=\"lqd-lp-meta lqd-lp-meta-dot-between d-flex flex-wrap align-items-center\">\n\n\t\t<div class=\"lqd-lp-author pos-rel z-index-3\">\n\t\t\t<div class=\"lqd-lp-author-info\">\n\t\t\t\t<h3 class=\"mt-0 mb-0\"><a href=\"https:\/\/hdkard.com\/en\/author\/mseo\/\">mseo<\/a><\/h3>\n\t\t\t<\/div>\n\t\t<\/div>\n\n\t\t<time class=\"lqd-lp-date\" datetime=\"2023-04-25T13:17:49+02:00\">3 years ago<\/time>\n\t<\/div>\n\n\t<h2 class=\"entry-title lqd-lp-title mt-2 mb-0 h5\"><a  href=\"https:\/\/hdkard.com\/en\/carte-de-visite-virtuelle-mode-de-fonctionnement\/\" rel=\"bookmark\">Carte de visite virtuelle\u202f: mode de fonctionnement\u00a0<\/a><\/h2>\n<\/header>\n\n\t\t\t<div class=\"lqd-lp-excerpt pt-2 pb-4 ps-3 pe-3 px-3\">\n\t\t\t\tComment marche une carte de visite num\u00e9rique\u202f? La carte de&hellip;\t\t\t<\/div>\n\t\t\n<a  href=\"https:\/\/hdkard.com\/en\/carte-de-visite-virtuelle-mode-de-fonctionnement\/\" class=\"lqd-lp-overlay-link lqd-overlay lqd-cc-label-trigger z-index-2\" tab-index=\"-1\"><\/a><\/article><\/div><div class=\"lqd-lp-column d-flex flex-column col-md-4 col-sm-6 nfc lqd-f-1\"><article id=\"post-10853\" class=\"lqd-lp pos-rel lqd-lp lqd-lp-style-6 lqd-lp-style-6-alt lqd-lp-hover-img-zoom lqd-lp-hover-img-zoom-out lqd-lp-animate-onhover border-radius-4 overflow-hidden text-start post-10853 post type-post status-publish format-standard has-post-thumbnail hentry category-nfc\">\n<div class=\"lqd-lp-img overflow-hidden\">\n\n\t<figure><img loading=\"lazy\" decoding=\"async\" width=\"640\" height=\"364\" src=\"data:image\/svg+xml;charset=utf-8,%3Csvg xmlns%3D&#039;http%3A%2F%2Fwww.w3.org%2F2000%2Fsvg&#039; viewBox%3D&#039;0 0 640 364&#039;%2F%3E\" class=\"w-100 ld-lazyload wp-post-image\" alt=\"\" itemprop=\"image\" data-src=\"https:\/\/hdkard.com\/wp-content\/uploads\/2023\/04\/7-raisons-dutiliser-une-carte-de-visite-NCF-metal-1-640x364.webp\" data-aspect=\"1.7582417582418\" \/><\/figure>\n\t<div class=\"lqd-lp-meta text-uppercase font-weight-bold pos-rel z-index-3\">\n\t\t<span class=\"screen-reader-text\">Tags <\/span><ul class=\"lqd-lp-cat lqd-lp-cat-shaped lqd-lp-cat-solid reset-ul inline-ul font-weight-bold text-uppercase ltr-sp-1\"><li><a class=\"border-radius-circle\" href=\"https:\/\/hdkard.com\/en\/category\/nfc\/\" rel=\"category\" style=\"--color-primary:#ffffff\">NFC<\/a><\/li><\/ul>\t<\/div>\n\n<\/div>\n\n<header class=\"lqd-lp-header pt-4 ps-3 pe-3 px-3\">\n\n\t<div class=\"lqd-lp-meta lqd-lp-meta-dot-between d-flex flex-wrap align-items-center\">\n\n\t\t<div class=\"lqd-lp-author pos-rel z-index-3\">\n\t\t\t<div class=\"lqd-lp-author-info\">\n\t\t\t\t<h3 class=\"mt-0 mb-0\"><a href=\"https:\/\/hdkard.com\/en\/author\/mseo\/\">mseo<\/a><\/h3>\n\t\t\t<\/div>\n\t\t<\/div>\n\n\t\t<time class=\"lqd-lp-date\" datetime=\"2023-04-25T13:09:46+02:00\">3 years ago<\/time>\n\t<\/div>\n\n\t<h2 class=\"entry-title lqd-lp-title mt-2 mb-0 h5\"><a  href=\"https:\/\/hdkard.com\/en\/a-quoi-sert-une-carte-de-visite-nfc\/\" rel=\"bookmark\">A quoi sert une carte de visite NFC\u202f?\u00a0<\/a><\/h2>\n<\/header>\n\n\t\t\t<div class=\"lqd-lp-excerpt pt-2 pb-4 ps-3 pe-3 px-3\">\n\t\t\t\t7 raisons d\u2019utiliser une carte de visite NCF m\u00e9tal Avec&hellip;\t\t\t<\/div>\n\t\t\n<a  href=\"https:\/\/hdkard.com\/en\/a-quoi-sert-une-carte-de-visite-nfc\/\" class=\"lqd-lp-overlay-link lqd-overlay lqd-cc-label-trigger z-index-2\" tab-index=\"-1\"><\/a><\/article><\/div><div class=\"lqd-lp-column d-flex flex-column col-md-4 col-sm-6 nfc lqd-f-1\"><article id=\"post-10847\" class=\"lqd-lp pos-rel lqd-lp lqd-lp-style-6 lqd-lp-style-6-alt lqd-lp-hover-img-zoom lqd-lp-hover-img-zoom-out lqd-lp-animate-onhover border-radius-4 overflow-hidden text-start post-10847 post type-post status-publish format-standard has-post-thumbnail hentry category-nfc\">\n<div class=\"lqd-lp-img overflow-hidden\">\n\n\t<figure><img loading=\"lazy\" decoding=\"async\" width=\"640\" height=\"364\" src=\"data:image\/svg+xml;charset=utf-8,%3Csvg xmlns%3D&#039;http%3A%2F%2Fwww.w3.org%2F2000%2Fsvg&#039; viewBox%3D&#039;0 0 640 364&#039;%2F%3E\" class=\"w-100 ld-lazyload wp-post-image\" alt=\"\" itemprop=\"image\" data-src=\"https:\/\/hdkard.com\/wp-content\/uploads\/2023\/04\/Carte-de-visite-NFC-Que-savoir-sur-son-fonctionnement-640x364.webp\" data-aspect=\"1.7582417582418\" \/><\/figure>\n\t<div class=\"lqd-lp-meta text-uppercase font-weight-bold pos-rel z-index-3\">\n\t\t<span class=\"screen-reader-text\">Tags <\/span><ul class=\"lqd-lp-cat lqd-lp-cat-shaped lqd-lp-cat-solid reset-ul inline-ul font-weight-bold text-uppercase ltr-sp-1\"><li><a class=\"border-radius-circle\" href=\"https:\/\/hdkard.com\/en\/category\/nfc\/\" rel=\"category\" style=\"--color-primary:#ffffff\">NFC<\/a><\/li><\/ul>\t<\/div>\n\n<\/div>\n\n<header class=\"lqd-lp-header pt-4 ps-3 pe-3 px-3\">\n\n\t<div class=\"lqd-lp-meta lqd-lp-meta-dot-between d-flex flex-wrap align-items-center\">\n\n\t\t<div class=\"lqd-lp-author pos-rel z-index-3\">\n\t\t\t<div class=\"lqd-lp-author-info\">\n\t\t\t\t<h3 class=\"mt-0 mb-0\"><a href=\"https:\/\/hdkard.com\/en\/author\/mseo\/\">mseo<\/a><\/h3>\n\t\t\t<\/div>\n\t\t<\/div>\n\n\t\t<time class=\"lqd-lp-date\" datetime=\"2023-04-25T13:05:17+02:00\">3 years ago<\/time>\n\t<\/div>\n\n\t<h2 class=\"entry-title lqd-lp-title mt-2 mb-0 h5\"><a  href=\"https:\/\/hdkard.com\/en\/carte-de-visite-nfc-que-savoir-sur-son-fonctionnement\/\" rel=\"bookmark\">Carte de visite NFC\u202f: Que savoir sur son fonctionnement\u202f?<\/a><\/h2>\n<\/header>\n\n\t\t\t<div class=\"lqd-lp-excerpt pt-2 pb-4 ps-3 pe-3 px-3\">\n\t\t\t\tTout savoir du fonctionnement d&rsquo;une carte de visite NFC\u202f? 88%&hellip;\t\t\t<\/div>\n\t\t\n<a  href=\"https:\/\/hdkard.com\/en\/carte-de-visite-nfc-que-savoir-sur-son-fonctionnement\/\" class=\"lqd-lp-overlay-link lqd-overlay lqd-cc-label-trigger z-index-2\" tab-index=\"-1\"><\/a><\/article><\/div><div class=\"lqd-lp-column d-flex flex-column col-md-4 col-sm-6 nfc lqd-f-1\"><article id=\"post-10841\" class=\"lqd-lp pos-rel lqd-lp lqd-lp-style-6 lqd-lp-style-6-alt lqd-lp-hover-img-zoom lqd-lp-hover-img-zoom-out lqd-lp-animate-onhover border-radius-4 overflow-hidden text-start post-10841 post type-post status-publish format-standard has-post-thumbnail hentry category-nfc\">\n<div class=\"lqd-lp-img overflow-hidden\">\n\n\t<figure><img loading=\"lazy\" decoding=\"async\" width=\"640\" height=\"364\" src=\"data:image\/svg+xml;charset=utf-8,%3Csvg xmlns%3D&#039;http%3A%2F%2Fwww.w3.org%2F2000%2Fsvg&#039; viewBox%3D&#039;0 0 640 364&#039;%2F%3E\" class=\"w-100 ld-lazyload wp-post-image\" alt=\"\" itemprop=\"image\" data-src=\"https:\/\/hdkard.com\/wp-content\/uploads\/2023\/04\/Comment-faire-une-carte-de-visite-sur-iPhone-1-640x364.webp\" data-aspect=\"1.7582417582418\" \/><\/figure>\n\t<div class=\"lqd-lp-meta text-uppercase font-weight-bold pos-rel z-index-3\">\n\t\t<span class=\"screen-reader-text\">Tags <\/span><ul class=\"lqd-lp-cat lqd-lp-cat-shaped lqd-lp-cat-solid reset-ul inline-ul font-weight-bold text-uppercase ltr-sp-1\"><li><a class=\"border-radius-circle\" href=\"https:\/\/hdkard.com\/en\/category\/nfc\/\" rel=\"category\" style=\"--color-primary:#ffffff\">NFC<\/a><\/li><\/ul>\t<\/div>\n\n<\/div>\n\n<header class=\"lqd-lp-header pt-4 ps-3 pe-3 px-3\">\n\n\t<div class=\"lqd-lp-meta lqd-lp-meta-dot-between d-flex flex-wrap align-items-center\">\n\n\t\t<div class=\"lqd-lp-author pos-rel z-index-3\">\n\t\t\t<div class=\"lqd-lp-author-info\">\n\t\t\t\t<h3 class=\"mt-0 mb-0\"><a href=\"https:\/\/hdkard.com\/en\/author\/mseo\/\">mseo<\/a><\/h3>\n\t\t\t<\/div>\n\t\t<\/div>\n\n\t\t<time class=\"lqd-lp-date\" datetime=\"2023-04-25T12:36:00+02:00\">3 years ago<\/time>\n\t<\/div>\n\n\t<h2 class=\"entry-title lqd-lp-title mt-2 mb-0 h5\"><a  href=\"https:\/\/hdkard.com\/en\/quelles-techniques-pour-realiser-une-carte-de-visite-sur-iphone\/\" rel=\"bookmark\">Quelles techniques pour r\u00e9aliser une carte de visite sur iPhone\u202f?<\/a><\/h2>\n<\/header>\n\n\t\t\t<div class=\"lqd-lp-excerpt pt-2 pb-4 ps-3 pe-3 px-3\">\n\t\t\t\tCarte de visite sur iPhone\u202f: comment la r\u00e9aliser\u202f? Carte de&hellip;\t\t\t<\/div>\n\t\t\n<a  href=\"https:\/\/hdkard.com\/en\/quelles-techniques-pour-realiser-une-carte-de-visite-sur-iphone\/\" class=\"lqd-lp-overlay-link lqd-overlay lqd-cc-label-trigger z-index-2\" tab-index=\"-1\"><\/a><\/article><\/div><div class=\"lqd-lp-column d-flex flex-column col-md-4 col-sm-6 nfc lqd-f-1\"><article id=\"post-10835\" class=\"lqd-lp pos-rel lqd-lp lqd-lp-style-6 lqd-lp-style-6-alt lqd-lp-hover-img-zoom lqd-lp-hover-img-zoom-out lqd-lp-animate-onhover border-radius-4 overflow-hidden text-start post-10835 post type-post status-publish format-standard has-post-thumbnail hentry category-nfc\">\n<div class=\"lqd-lp-img overflow-hidden\">\n\n\t<figure><img loading=\"lazy\" decoding=\"async\" width=\"640\" height=\"364\" src=\"data:image\/svg+xml;charset=utf-8,%3Csvg xmlns%3D&#039;http%3A%2F%2Fwww.w3.org%2F2000%2Fsvg&#039; viewBox%3D&#039;0 0 640 364&#039;%2F%3E\" class=\"w-100 ld-lazyload wp-post-image\" alt=\"\" itemprop=\"image\" data-src=\"https:\/\/hdkard.com\/wp-content\/uploads\/2023\/04\/Comment-creer-un-QR-code-PDF-gratuitement-640x364.webp\" data-aspect=\"1.7582417582418\" \/><\/figure>\n\t<div class=\"lqd-lp-meta text-uppercase font-weight-bold pos-rel z-index-3\">\n\t\t<span class=\"screen-reader-text\">Tags <\/span><ul class=\"lqd-lp-cat lqd-lp-cat-shaped lqd-lp-cat-solid reset-ul inline-ul font-weight-bold text-uppercase ltr-sp-1\"><li><a class=\"border-radius-circle\" href=\"https:\/\/hdkard.com\/en\/category\/nfc\/\" rel=\"category\" style=\"--color-primary:#ffffff\">NFC<\/a><\/li><\/ul>\t<\/div>\n\n<\/div>\n\n<header class=\"lqd-lp-header pt-4 ps-3 pe-3 px-3\">\n\n\t<div class=\"lqd-lp-meta lqd-lp-meta-dot-between d-flex flex-wrap align-items-center\">\n\n\t\t<div class=\"lqd-lp-author pos-rel z-index-3\">\n\t\t\t<div class=\"lqd-lp-author-info\">\n\t\t\t\t<h3 class=\"mt-0 mb-0\"><a href=\"https:\/\/hdkard.com\/en\/author\/mseo\/\">mseo<\/a><\/h3>\n\t\t\t<\/div>\n\t\t<\/div>\n\n\t\t<time class=\"lqd-lp-date\" datetime=\"2023-04-25T12:29:12+02:00\">3 years ago<\/time>\n\t<\/div>\n\n\t<h2 class=\"entry-title lqd-lp-title mt-2 mb-0 h5\"><a  href=\"https:\/\/hdkard.com\/en\/creation-dun-qr-code-pdf-gratuitement-tout-savoir\/\" rel=\"bookmark\">Cr\u00e9ation d&rsquo;un QR code PDF gratuitement : tout savoir\u00a0<\/a><\/h2>\n<\/header>\n\n\t\t\t<div class=\"lqd-lp-excerpt pt-2 pb-4 ps-3 pe-3 px-3\">\n\t\t\t\tComment cr\u00e9er un QR code PDF gratuitement ? De nos&hellip;\t\t\t<\/div>\n\t\t\n<a  href=\"https:\/\/hdkard.com\/en\/creation-dun-qr-code-pdf-gratuitement-tout-savoir\/\" class=\"lqd-lp-overlay-link lqd-overlay lqd-cc-label-trigger z-index-2\" tab-index=\"-1\"><\/a><\/article><\/div><\/div><!--\/ .row --><div class=\"page-nav text-center\"><nav aria-label=\"Page navigation\"><ul class=\"pagination\"><li><span aria-current=\"page\" class=\"page-numbers current\">1<\/span><\/li>\n\t<li><a class=\"page-numbers\" href=\"https:\/\/hdkard.com\/en\/wp-json\/wp\/v2\/pages\/10034\/page\/2\/\">2<\/a><\/li>\n\t<li><a class=\"page-numbers\" href=\"https:\/\/hdkard.com\/en\/wp-json\/wp\/v2\/pages\/10034\/page\/3\/\">3<\/a><\/li>\n\t<li><a class=\"next page-numbers\" href=\"https:\/\/hdkard.com\/en\/wp-json\/wp\/v2\/pages\/10034\/page\/2\/\"><span aria-hidden=\"true\"><svg xmlns=\"http:\/\/www.w3.org\/2000\/svg\" width=\"12\" height=\"32\" viewbox=\"0 0 12 32\" style=\"width: 1em;height: 1em\"><path fill=\"currentColor\" d=\"M8.375 16L.437 8.062C-.125 7.5-.125 6.5.438 5.938s1.563-.563 2.126 0l9 9c.562.562.624 1.5.062 2.062l-9.063 9.063c-.312.312-.687.437-1.062.437s-.75-.125-1.063-.438c-.562-.562-.562-1.562 0-2.125z\"><\/path><\/svg><\/span><\/a><\/li><\/ul><\/nav><\/div><div class=\"hidden liquid-pf-nav ld-pf-nav-ajax\"><div class=\"page-nav text-center\"><nav aria-label=\"Page navigation\"><a href=\"javascript:void(0)\" data-args=\"{&quot;action&quot;:&quot;liquid_get_ajax_posts&quot;,&quot;posts_per_page&quot;:&quot;9&quot;,&quot;term_classes&quot;:&quot;nfc lqd-f-1&quot;,&quot;style&quot;:&quot;style06-alt&quot;,&quot;show_meta&quot;:&quot;yes&quot;,&quot;meta_type&quot;:&quot;cats&quot;,&quot;one_category&quot;:&quot;yes&quot;,&quot;title_tag&quot;:&quot;h2&quot;,&quot;use_inheritance&quot;:&quot;&quot;,&quot;tag_to_inherite&quot;:null,&quot;grid_columns&quot;:&quot;3&quot;,&quot;enable_post_excerpt&quot;:&quot;yes&quot;,&quot;post_excerpt_length&quot;:&quot;10&quot;,&quot;show_read_more_button&quot;:null,&quot;items_height&quot;:null}\" class=\"elementor-button btn ws-nowrap ld-ajax-loadmore ws-nowrap\"><span class=\"static d-block\">Load more<\/span><span class=\"loading d-block pos-abs\"><span class=\"dots d-block\"><span class=\"d-inline-block\"><\/span><span class=\"d-inline-block\"><\/span><span class=\"d-inline-block\"><\/span><\/span><span class=\"d-block mt-1\">Loading<\/span><\/span><span class=\"all-loaded d-block pos-abs\">All items loaded <svg width=\"32\" height=\"29\" xmlns=\"http:\/\/www.w3.org\/2000\/svg\" viewbox=\"0 0 32 29\" style=\"width: 1.5em; height: 1.5em; margin-inline-start: 0.5em;\"><path fill=\"currentColor\" d=\"M25.74 6.23c0.38 0.34 0.42 0.9 0.09 1.28l-12.77 14.58a0.91 0.91 0 0 1-1.33 0.04l-5.46-5.46a0.91 0.91 0 1 1 1.29-1.29l4.77 4.78 12.12-13.85a0.91 0.91 0 0 1 1.29-0.08z\"><\/path><\/svg><\/span><\/a><\/nav><\/div><\/div><\/div><\/div>\t\t\t\t<\/div>\n\t\t\t\t<\/div>\n\t\t\t\t\t<\/div>\n\t\t\t\t<\/div>\n\t\t\t\t<\/div>","protected":false},"excerpt":{"rendered":"<p>Tags NFC master 8 minutes ago Code QR vs Code-barres&nbsp; [&hellip;]<\/p>\n","protected":false},"author":2,"featured_media":0,"parent":0,"menu_order":0,"comment_status":"closed","ping_status":"closed","template":"","meta":{"footnotes":""},"class_list":["post-10034","page","type-page","status-publish","hentry"],"_links":{"self":[{"href":"https:\/\/hdkard.com\/en\/wp-json\/wp\/v2\/pages\/10034","targetHints":{"allow":["GET"]}}],"collection":[{"href":"https:\/\/hdkard.com\/en\/wp-json\/wp\/v2\/pages"}],"about":[{"href":"https:\/\/hdkard.com\/en\/wp-json\/wp\/v2\/types\/page"}],"author":[{"embeddable":true,"href":"https:\/\/hdkard.com\/en\/wp-json\/wp\/v2\/users\/2"}],"replies":[{"embeddable":true,"href":"https:\/\/hdkard.com\/en\/wp-json\/wp\/v2\/comments?post=10034"}],"version-history":[{"count":23,"href":"https:\/\/hdkard.com\/en\/wp-json\/wp\/v2\/pages\/10034\/revisions"}],"predecessor-version":[{"id":11149,"href":"https:\/\/hdkard.com\/en\/wp-json\/wp\/v2\/pages\/10034\/revisions\/11149"}],"wp:attachment":[{"href":"https:\/\/hdkard.com\/en\/wp-json\/wp\/v2\/media?parent=10034"}],"curies":[{"name":"wp","href":"https:\/\/api.w.org\/{rel}","templated":true}]}}