{"id":9565,"date":"2023-02-09T13:18:25","date_gmt":"2023-02-09T12:18:25","guid":{"rendered":"https:\/\/hdkard.com\/?page_id=9565"},"modified":"2023-02-17T17:22:45","modified_gmt":"2023-02-17T16:22:45","slug":"notre-partenaire-vkard","status":"publish","type":"page","link":"https:\/\/hdkard.com\/en\/notre-partenaire-vkard\/","title":{"rendered":"Notre Partenaire VKARD"},"content":{"rendered":"<div data-elementor-type=\"wp-page\" data-elementor-id=\"9565\" class=\"elementor elementor-9565\">\n\t\t\t\t<div class=\"elementor-element elementor-element-0479ba8 e-flex e-con-boxed e-con e-parent\" data-id=\"0479ba8\" data-element_type=\"container\" data-e-type=\"container\" id=\"blocktr\">\n\t\t\t\t\t<div class=\"e-con-inner\">\n\t\t<div class=\"elementor-element elementor-element-8300efe e-con-full e-flex elementor-invisible e-con e-parent\" data-id=\"8300efe\" data-element_type=\"container\" data-e-type=\"container\" data-settings=\"{&quot;animation&quot;:&quot;fadeInLeft&quot;}\">\n\t\t\t\t<div class=\"elementor-element elementor-element-d77aa4d elementor-widget elementor-widget-heading\" data-id=\"d77aa4d\" data-element_type=\"widget\" data-e-type=\"widget\" data-widget_type=\"heading.default\">\n\t\t\t\t<div class=\"elementor-widget-container\">\n\t\t\t\t\t<h2 class=\"elementor-heading-title elementor-size-default\">Partenaire VKARD<\/h2>\t\t\t\t<\/div>\n\t\t\t\t<\/div>\n\t\t\t\t<div class=\"elementor-element elementor-element-77dca23 elementor-widget elementor-widget-text-editor\" data-id=\"77dca23\" data-element_type=\"widget\" data-e-type=\"widget\" data-widget_type=\"text-editor.default\">\n\t\t\t\t<div class=\"elementor-widget-container\">\n\t\t\t\t\t\t\t\t\t<p><strong>HDkard<\/strong> est fier de s&rsquo;\u00eatre associ\u00e9 \u00e0 VKARD, le leader fran\u00e7ais de la production de cartes \u00e9quip\u00e9es de la technologie NFC. En combinant nos comp\u00e9tences et notre expertise, nous sommes en mesure de vous offrir des cartes de visite 100% connect\u00e9es, dot\u00e9es de la technologie NFC de derni\u00e8re g\u00e9n\u00e9ration.\u00a0<\/p>\t\t\t\t\t\t\t\t<\/div>\n\t\t\t\t<\/div>\n\t\t\t\t<div class=\"elementor-element elementor-element-d92ee8c elementor-widget elementor-widget-spacer\" data-id=\"d92ee8c\" data-element_type=\"widget\" data-e-type=\"widget\" data-widget_type=\"spacer.default\">\n\t\t\t\t<div class=\"elementor-widget-container\">\n\t\t\t\t\t\t\t<div class=\"elementor-spacer\">\n\t\t\t<div class=\"elementor-spacer-inner\"><\/div>\n\t\t<\/div>\n\t\t\t\t\t\t<\/div>\n\t\t\t\t<\/div>\n\t\t\t\t<\/div>\n\t\t<div class=\"elementor-element elementor-element-0807fd1 e-con-full e-flex elementor-invisible e-con e-parent\" data-id=\"0807fd1\" data-element_type=\"container\" data-e-type=\"container\" data-settings=\"{&quot;animation&quot;:&quot;fadeInRight&quot;}\">\n\t\t\t\t<div class=\"elementor-element elementor-element-120729c elementor-widget elementor-widget-image\" data-id=\"120729c\" data-element_type=\"widget\" data-e-type=\"widget\" data-widget_type=\"image.default\">\n\t\t\t\t<div class=\"elementor-widget-container\">\n\t\t\t\t\t\t\t\t\t\t\t\t\t\t\t<img fetchpriority=\"high\" decoding=\"async\" width=\"453\" height=\"149\" src=\"https:\/\/hdkard.com\/wp-content\/uploads\/2023\/02\/VKARD-LOGO-1.png\" class=\"attachment-large size-large wp-image-9613\" alt=\"\" srcset=\"https:\/\/hdkard.com\/wp-content\/uploads\/2023\/02\/VKARD-LOGO-1.png 453w, https:\/\/hdkard.com\/wp-content\/uploads\/2023\/02\/VKARD-LOGO-1-300x99.png 300w, https:\/\/hdkard.com\/wp-content\/uploads\/2023\/02\/VKARD-LOGO-1-18x6.png 18w\" sizes=\"(max-width: 453px) 100vw, 453px\" \/>\t\t\t\t\t\t\t\t\t\t\t\t\t\t\t<\/div>\n\t\t\t\t<\/div>\n\t\t\t\t<div class=\"elementor-element elementor-element-876ef20 elementor-widget elementor-widget-spacer\" data-id=\"876ef20\" data-element_type=\"widget\" data-e-type=\"widget\" data-widget_type=\"spacer.default\">\n\t\t\t\t<div class=\"elementor-widget-container\">\n\t\t\t\t\t\t\t<div class=\"elementor-spacer\">\n\t\t\t<div class=\"elementor-spacer-inner\"><\/div>\n\t\t<\/div>\n\t\t\t\t\t\t<\/div>\n\t\t\t\t<\/div>\n\t\t\t\t<\/div>\n\t\t\t\t\t<\/div>\n\t\t\t\t<\/div>\n\t\t<div class=\"elementor-element elementor-element-ef37c8c e-flex e-con-boxed e-con e-parent\" data-id=\"ef37c8c\" data-element_type=\"container\" data-e-type=\"container\">\n\t\t\t\t\t<div class=\"e-con-inner\">\n\t\t\t\t<div class=\"elementor-element elementor-element-743caa9 elementor-widget elementor-widget-spacer\" data-id=\"743caa9\" data-element_type=\"widget\" data-e-type=\"widget\" data-widget_type=\"spacer.default\">\n\t\t\t\t<div class=\"elementor-widget-container\">\n\t\t\t\t\t\t\t<div class=\"elementor-spacer\">\n\t\t\t<div class=\"elementor-spacer-inner\"><\/div>\n\t\t<\/div>\n\t\t\t\t\t\t<\/div>\n\t\t\t\t<\/div>\n\t\t\t\t<div class=\"elementor-element elementor-element-a71f70a elementor-invisible elementor-widget elementor-widget-image\" data-id=\"a71f70a\" data-element_type=\"widget\" data-e-type=\"widget\" data-settings=\"{&quot;_animation&quot;:&quot;fadeInRight&quot;}\" data-widget_type=\"image.default\">\n\t\t\t\t<div class=\"elementor-widget-container\">\n\t\t\t\t\t\t\t\t\t\t\t\t\t\t\t<img decoding=\"async\" width=\"241\" height=\"151\" src=\"data:image\/svg+xml;charset=utf-8,%3Csvg xmlns%3D&#039;http%3A%2F%2Fwww.w3.org%2F2000%2Fsvg&#039; viewBox%3D&#039;0 0 241 151&#039;%2F%3E\" class=\"attachment-medium size-medium wp-image-9574 ld-lazyload\" alt=\"\" data-src=\"https:\/\/hdkard.com\/wp-content\/uploads\/2023\/02\/Frame.png\" data-srcset=\"https:\/\/hdkard.com\/wp-content\/uploads\/2023\/02\/Frame.png 241w, https:\/\/hdkard.com\/wp-content\/uploads\/2023\/02\/Frame-18x12.png 18w\" data-sizes=\"(max-width: 241px) 100vw, 241px\" data-aspect=\"1.5960264900662\" \/>\t\t\t\t\t\t\t\t\t\t\t\t\t\t\t<\/div>\n\t\t\t\t<\/div>\n\t\t\t\t<div class=\"elementor-element elementor-element-b46be57 elementor-widget elementor-widget-spacer\" data-id=\"b46be57\" data-element_type=\"widget\" data-e-type=\"widget\" data-widget_type=\"spacer.default\">\n\t\t\t\t<div class=\"elementor-widget-container\">\n\t\t\t\t\t\t\t<div class=\"elementor-spacer\">\n\t\t\t<div class=\"elementor-spacer-inner\"><\/div>\n\t\t<\/div>\n\t\t\t\t\t\t<\/div>\n\t\t\t\t<\/div>\n\t\t\t\t\t<\/div>\n\t\t\t\t<\/div>\n\t\t<div class=\"elementor-element elementor-element-877f724 e-flex e-con-boxed e-con e-parent\" data-id=\"877f724\" data-element_type=\"container\" data-e-type=\"container\">\n\t\t\t\t\t<div class=\"e-con-inner\">\n\t\t\t\t<div class=\"elementor-element elementor-element-39d3f6c elementor-invisible elementor-widget elementor-widget-text-editor\" data-id=\"39d3f6c\" data-element_type=\"widget\" data-e-type=\"widget\" data-settings=\"{&quot;_animation&quot;:&quot;fadeInLeft&quot;}\" data-widget_type=\"text-editor.default\">\n\t\t\t\t<div class=\"elementor-widget-container\">\n\t\t\t\t\t\t\t\t\t<div><div><p>Notre partenariat avec VDKARD est un avantage cl\u00e9 qui nous permet d&rsquo;int\u00e9grer les derni\u00e8res innovations technologiques dans nos cartes de visite 2.0. Gr\u00e2ce \u00e0 ces cartes, les prospects peuvent acc\u00e9der aux informations d&rsquo;une entreprise via leur smartphone \u00e0 l\u2019aide de la technologie NFC ou QR code.<\/p><p>Les donn\u00e9es de contact sont enregistr\u00e9es en moins de 5 secondes, ce qui repr\u00e9sente un gain de temps consid\u00e9rable et accro\u00eet les chances d&rsquo;obtenir un retour des prospects. <strong>HDkard<\/strong> propose \u00e9galement un service apr\u00e8s-vente personnalis\u00e9 avec un service client\u00e8le r\u00e9actif, ainsi qu&rsquo;une protection des donn\u00e9es s\u00e9curis\u00e9es et crypt\u00e9es.<\/p><p>Cette solution est \u00e9coresponsable pour les entreprises soucieuses de l&rsquo;environnement. Pour am\u00e9liorer votre image de marque et faciliter vos relations professionnelles, commandez votre <strong>HDkard<\/strong> d\u00e8s maintenant.<\/p><\/div><\/div>\t\t\t\t\t\t\t\t<\/div>\n\t\t\t\t<\/div>\n\t\t\t\t\t<\/div>\n\t\t\t\t<\/div>\n\t\t<div class=\"elementor-element elementor-element-79a3c40 e-flex e-con-boxed e-con e-parent\" data-id=\"79a3c40\" data-element_type=\"container\" data-e-type=\"container\">\n\t\t\t\t\t<div class=\"e-con-inner\">\n\t\t\t\t<div class=\"elementor-element elementor-element-a832f05 elementor-widget elementor-widget-spacer\" data-id=\"a832f05\" data-element_type=\"widget\" data-e-type=\"widget\" data-widget_type=\"spacer.default\">\n\t\t\t\t<div class=\"elementor-widget-container\">\n\t\t\t\t\t\t\t<div class=\"elementor-spacer\">\n\t\t\t<div class=\"elementor-spacer-inner\"><\/div>\n\t\t<\/div>\n\t\t\t\t\t\t<\/div>\n\t\t\t\t<\/div>\n\t\t\t\t\t<\/div>\n\t\t\t\t<\/div>\n\t\t<div class=\"elementor-element elementor-element-4cce147 e-flex e-con-boxed e-con e-parent\" data-id=\"4cce147\" data-element_type=\"container\" data-e-type=\"container\">\n\t\t\t\t\t<div class=\"e-con-inner\">\n\t\t\t\t<div class=\"elementor-element elementor-element-107473c elementor-invisible elementor-widget elementor-widget-heading\" data-id=\"107473c\" data-element_type=\"widget\" data-e-type=\"widget\" data-settings=\"{&quot;_animation&quot;:&quot;fadeInRight&quot;}\" data-widget_type=\"heading.default\">\n\t\t\t\t<div class=\"elementor-widget-container\">\n\t\t\t\t\t<h3 class=\"elementor-heading-title elementor-size-default\">D\u00e9couvrez nos autres cartes de visites<\/h3>\t\t\t\t<\/div>\n\t\t\t\t<\/div>\n\t\t\t\t\t<\/div>\n\t\t\t\t<\/div>\n\t\t<div class=\"elementor-element elementor-element-aa26343 e-flex e-con-boxed e-con e-parent\" data-id=\"aa26343\" data-element_type=\"container\" data-e-type=\"container\">\n\t\t\t\t\t<div class=\"e-con-inner\">\n\t\t<div class=\"elementor-element elementor-element-fd3835d e-con-full e-flex elementor-invisible e-con e-parent\" data-id=\"fd3835d\" data-element_type=\"container\" data-e-type=\"container\" data-settings=\"{&quot;animation&quot;:&quot;fadeInLeft&quot;}\">\n\t\t\t\t<div class=\"elementor-element elementor-element-940fefa elementor-widget elementor-widget-image\" data-id=\"940fefa\" data-element_type=\"widget\" data-e-type=\"widget\" data-widget_type=\"image.default\">\n\t\t\t\t<div class=\"elementor-widget-container\">\n\t\t\t\t\t\t\t\t\t\t\t\t\t\t\t\t<a href=\"https:\/\/hdkard.com\/en\/product\/simpliste\/\">\n\t\t\t\t\t\t\t<img decoding=\"async\" width=\"760\" height=\"758\" src=\"data:image\/svg+xml;charset=utf-8,%3Csvg xmlns%3D&#039;http%3A%2F%2Fwww.w3.org%2F2000%2Fsvg&#039; viewBox%3D&#039;0 0 760 758&#039;%2F%3E\" class=\"attachment-large size-large wp-image-9713 ld-lazyload\" alt=\"\" data-src=\"https:\/\/hdkard.com\/wp-content\/uploads\/2022\/11\/Havet-digital-3.png\" data-srcset=\"https:\/\/hdkard.com\/wp-content\/uploads\/2022\/11\/Havet-digital-3.png 760w, https:\/\/hdkard.com\/wp-content\/uploads\/2022\/11\/Havet-digital-3-300x300.png 300w, https:\/\/hdkard.com\/wp-content\/uploads\/2022\/11\/Havet-digital-3-150x150.png 150w, https:\/\/hdkard.com\/wp-content\/uploads\/2022\/11\/Havet-digital-3-12x12.png 12w, https:\/\/hdkard.com\/wp-content\/uploads\/2022\/11\/Havet-digital-3-600x598.png 600w, https:\/\/hdkard.com\/wp-content\/uploads\/2022\/11\/Havet-digital-3-320x320.png 320w, https:\/\/hdkard.com\/wp-content\/uploads\/2022\/11\/Havet-digital-3-100x100.png 100w\" data-sizes=\"(max-width: 760px) 100vw, 760px\" data-aspect=\"1.0026385224274\" \/>\t\t\t\t\t\t\t\t<\/a>\n\t\t\t\t\t\t\t\t\t\t\t\t\t\t\t<\/div>\n\t\t\t\t<\/div>\n\t\t\t\t<div class=\"elementor-element elementor-element-2d94ce5 elementor-widget elementor-widget-heading\" data-id=\"2d94ce5\" data-element_type=\"widget\" data-e-type=\"widget\" data-widget_type=\"heading.default\">\n\t\t\t\t<div class=\"elementor-widget-container\">\n\t\t\t\t\t<h2 class=\"elementor-heading-title elementor-size-default\"><a href=\"https:\/\/hdkard.com\/en\/product\/simpliste\/\">Pure class<\/a><\/h2>\t\t\t\t<\/div>\n\t\t\t\t<\/div>\n\t\t\t\t<div class=\"elementor-element elementor-element-6041f02 elementor-widget elementor-widget-heading\" data-id=\"6041f02\" data-element_type=\"widget\" data-e-type=\"widget\" data-widget_type=\"heading.default\">\n\t\t\t\t<div class=\"elementor-widget-container\">\n\t\t\t\t\t<p class=\"elementor-heading-title elementor-size-default\"><a href=\"https:\/\/hdkard.com\/en\/product\/simpliste\/\">Carte de visite  PVC  <\/br>\n<strong><s>59,00 \u20ac<\/s> 49,00 \u20ac HT<\/strong>\n\n<\/a><\/p>\t\t\t\t<\/div>\n\t\t\t\t<\/div>\n\t\t\t\t<\/div>\n\t\t<div class=\"elementor-element elementor-element-5dfeaa1 e-con-full e-flex elementor-invisible e-con e-parent\" data-id=\"5dfeaa1\" data-element_type=\"container\" data-e-type=\"container\" data-settings=\"{&quot;animation&quot;:&quot;fadeInLeft&quot;}\">\n\t\t\t\t<div class=\"elementor-element elementor-element-e670ff6 elementor-widget elementor-widget-image\" data-id=\"e670ff6\" data-element_type=\"widget\" data-e-type=\"widget\" data-widget_type=\"image.default\">\n\t\t\t\t<div class=\"elementor-widget-container\">\n\t\t\t\t\t\t\t\t\t\t\t\t\t\t\t\t<a href=\"https:\/\/hdkard.com\/en\/product\/organic-bambou\/\">\n\t\t\t\t\t\t\t<img loading=\"lazy\" decoding=\"async\" width=\"758\" height=\"758\" src=\"data:image\/svg+xml;charset=utf-8,%3Csvg xmlns%3D&#039;http%3A%2F%2Fwww.w3.org%2F2000%2Fsvg&#039; viewBox%3D&#039;0 0 758 758&#039;%2F%3E\" class=\"attachment-large size-large wp-image-9716 ld-lazyload\" alt=\"\" data-src=\"https:\/\/hdkard.com\/wp-content\/uploads\/2022\/11\/Datapull.png\" data-srcset=\"https:\/\/hdkard.com\/wp-content\/uploads\/2022\/11\/Datapull.png 758w, https:\/\/hdkard.com\/wp-content\/uploads\/2022\/11\/Datapull-300x300.png 300w, https:\/\/hdkard.com\/wp-content\/uploads\/2022\/11\/Datapull-150x150.png 150w, https:\/\/hdkard.com\/wp-content\/uploads\/2022\/11\/Datapull-12x12.png 12w, https:\/\/hdkard.com\/wp-content\/uploads\/2022\/11\/Datapull-600x600.png 600w, https:\/\/hdkard.com\/wp-content\/uploads\/2022\/11\/Datapull-320x320.png 320w, https:\/\/hdkard.com\/wp-content\/uploads\/2022\/11\/Datapull-100x100.png 100w\" data-sizes=\"(max-width: 758px) 100vw, 758px\" data-aspect=\"1\" \/>\t\t\t\t\t\t\t\t<\/a>\n\t\t\t\t\t\t\t\t\t\t\t\t\t\t\t<\/div>\n\t\t\t\t<\/div>\n\t\t\t\t<div class=\"elementor-element elementor-element-8b64ab3 elementor-widget elementor-widget-heading\" data-id=\"8b64ab3\" data-element_type=\"widget\" data-e-type=\"widget\" data-widget_type=\"heading.default\">\n\t\t\t\t<div class=\"elementor-widget-container\">\n\t\t\t\t\t<h2 class=\"elementor-heading-title elementor-size-default\"><a href=\"https:\/\/hdkard.com\/en\/product\/organic-bambou\/\">Organic Bambou<\/a><\/h2>\t\t\t\t<\/div>\n\t\t\t\t<\/div>\n\t\t\t\t<div class=\"elementor-element elementor-element-3e08f7f elementor-widget elementor-widget-heading\" data-id=\"3e08f7f\" data-element_type=\"widget\" data-e-type=\"widget\" data-widget_type=\"heading.default\">\n\t\t\t\t<div class=\"elementor-widget-container\">\n\t\t\t\t\t<p class=\"elementor-heading-title elementor-size-default\"><a href=\"https:\/\/hdkard.com\/en\/product\/organic-bambou\/\">Carte en bamboo <\/br>\n<strong><s>69.00 \u20ac<\/s>  59.00 \u20ac HT <\/strong><\/a><\/p>\t\t\t\t<\/div>\n\t\t\t\t<\/div>\n\t\t\t\t<\/div>\n\t\t<div class=\"elementor-element elementor-element-f3631ca e-con-full e-flex elementor-invisible e-con e-parent\" data-id=\"f3631ca\" data-element_type=\"container\" data-e-type=\"container\" data-settings=\"{&quot;animation&quot;:&quot;fadeInRight&quot;}\">\n\t\t\t\t<div class=\"elementor-element elementor-element-ffc18d7 elementor-widget elementor-widget-image\" data-id=\"ffc18d7\" data-element_type=\"widget\" data-e-type=\"widget\" data-widget_type=\"image.default\">\n\t\t\t\t<div class=\"elementor-widget-container\">\n\t\t\t\t\t\t\t\t\t\t\t\t\t\t\t\t<a href=\"https:\/\/hdkard.com\/en\/product\/pure-silver\/\">\n\t\t\t\t\t\t\t<img loading=\"lazy\" decoding=\"async\" width=\"758\" height=\"758\" src=\"data:image\/svg+xml;charset=utf-8,%3Csvg xmlns%3D&#039;http%3A%2F%2Fwww.w3.org%2F2000%2Fsvg&#039; viewBox%3D&#039;0 0 758 758&#039;%2F%3E\" class=\"attachment-large size-large wp-image-9714 ld-lazyload\" alt=\"\" data-src=\"https:\/\/hdkard.com\/wp-content\/uploads\/2022\/11\/Gonzague-havet.png\" data-srcset=\"https:\/\/hdkard.com\/wp-content\/uploads\/2022\/11\/Gonzague-havet.png 758w, https:\/\/hdkard.com\/wp-content\/uploads\/2022\/11\/Gonzague-havet-300x300.png 300w, https:\/\/hdkard.com\/wp-content\/uploads\/2022\/11\/Gonzague-havet-150x150.png 150w, https:\/\/hdkard.com\/wp-content\/uploads\/2022\/11\/Gonzague-havet-12x12.png 12w, https:\/\/hdkard.com\/wp-content\/uploads\/2022\/11\/Gonzague-havet-600x600.png 600w, https:\/\/hdkard.com\/wp-content\/uploads\/2022\/11\/Gonzague-havet-320x320.png 320w, https:\/\/hdkard.com\/wp-content\/uploads\/2022\/11\/Gonzague-havet-100x100.png 100w\" data-sizes=\"(max-width: 758px) 100vw, 758px\" data-aspect=\"1\" \/>\t\t\t\t\t\t\t\t<\/a>\n\t\t\t\t\t\t\t\t\t\t\t\t\t\t\t<\/div>\n\t\t\t\t<\/div>\n\t\t\t\t<div class=\"elementor-element elementor-element-a2bd214 elementor-widget elementor-widget-heading\" data-id=\"a2bd214\" data-element_type=\"widget\" data-e-type=\"widget\" data-widget_type=\"heading.default\">\n\t\t\t\t<div class=\"elementor-widget-container\">\n\t\t\t\t\t<h2 class=\"elementor-heading-title elementor-size-default\"><a href=\"https:\/\/hdkard.com\/en\/product\/pure-silver\/\">\nPure silver<\/a><\/h2>\t\t\t\t<\/div>\n\t\t\t\t<\/div>\n\t\t\t\t<div class=\"elementor-element elementor-element-e882abd elementor-widget elementor-widget-heading\" data-id=\"e882abd\" data-element_type=\"widget\" data-e-type=\"widget\" data-widget_type=\"heading.default\">\n\t\t\t\t<div class=\"elementor-widget-container\">\n\t\t\t\t\t<p class=\"elementor-heading-title elementor-size-default\"><a href=\"https:\/\/hdkard.com\/en\/product\/pure-silver\/\">Carte hybride (m\u00e9tal et PVC)  <\/br>\n<strong><s>99.00 \u20ac<\/s>  89.00 \u20ac HT<\/strong>\n\n<\/a><\/p>\t\t\t\t<\/div>\n\t\t\t\t<\/div>\n\t\t\t\t<\/div>\n\t\t<div class=\"elementor-element elementor-element-3e44612 e-con-full e-flex elementor-invisible e-con e-parent\" data-id=\"3e44612\" data-element_type=\"container\" data-e-type=\"container\" data-settings=\"{&quot;animation&quot;:&quot;fadeInRight&quot;}\">\n\t\t\t\t<div class=\"elementor-element elementor-element-5422a1f elementor-widget elementor-widget-image\" data-id=\"5422a1f\" data-element_type=\"widget\" data-e-type=\"widget\" data-widget_type=\"image.default\">\n\t\t\t\t<div class=\"elementor-widget-container\">\n\t\t\t\t\t\t\t\t\t\t\t\t\t\t\t\t<a href=\"https:\/\/hdkard.com\/en\/product\/18k\/\">\n\t\t\t\t\t\t\t<img loading=\"lazy\" decoding=\"async\" width=\"758\" height=\"758\" src=\"data:image\/svg+xml;charset=utf-8,%3Csvg xmlns%3D&#039;http%3A%2F%2Fwww.w3.org%2F2000%2Fsvg&#039; viewBox%3D&#039;0 0 758 758&#039;%2F%3E\" class=\"attachment-large size-large wp-image-9715 ld-lazyload\" alt=\"\" data-src=\"https:\/\/hdkard.com\/wp-content\/uploads\/2022\/11\/Dev-connectgold.png\" data-srcset=\"https:\/\/hdkard.com\/wp-content\/uploads\/2022\/11\/Dev-connectgold.png 758w, https:\/\/hdkard.com\/wp-content\/uploads\/2022\/11\/Dev-connectgold-300x300.png 300w, https:\/\/hdkard.com\/wp-content\/uploads\/2022\/11\/Dev-connectgold-150x150.png 150w, https:\/\/hdkard.com\/wp-content\/uploads\/2022\/11\/Dev-connectgold-12x12.png 12w, https:\/\/hdkard.com\/wp-content\/uploads\/2022\/11\/Dev-connectgold-600x600.png 600w, https:\/\/hdkard.com\/wp-content\/uploads\/2022\/11\/Dev-connectgold-320x320.png 320w, https:\/\/hdkard.com\/wp-content\/uploads\/2022\/11\/Dev-connectgold-100x100.png 100w\" data-sizes=\"(max-width: 758px) 100vw, 758px\" data-aspect=\"1\" \/>\t\t\t\t\t\t\t\t<\/a>\n\t\t\t\t\t\t\t\t\t\t\t\t\t\t\t<\/div>\n\t\t\t\t<\/div>\n\t\t\t\t<div class=\"elementor-element elementor-element-69a6844 elementor-widget elementor-widget-heading\" data-id=\"69a6844\" data-element_type=\"widget\" data-e-type=\"widget\" data-widget_type=\"heading.default\">\n\t\t\t\t<div class=\"elementor-widget-container\">\n\t\t\t\t\t<h2 class=\"elementor-heading-title elementor-size-default\"><a href=\"https:\/\/hdkard.com\/en\/product\/18k\/\">\n\n18K<\/a><\/h2>\t\t\t\t<\/div>\n\t\t\t\t<\/div>\n\t\t\t\t<div class=\"elementor-element elementor-element-353cb40 elementor-widget elementor-widget-heading\" data-id=\"353cb40\" data-element_type=\"widget\" data-e-type=\"widget\" data-widget_type=\"heading.default\">\n\t\t\t\t<div class=\"elementor-widget-container\">\n\t\t\t\t\t<p class=\"elementor-heading-title elementor-size-default\"><a href=\"https:\/\/hdkard.com\/en\/product\/18k\/\">Carte hybride (m\u00e9tal et PVC)  <\/br>\n<strong><s>99.00 \u20ac<\/s> 89.00 \u20ac HT<\/strong>\n\n<\/a><\/p>\t\t\t\t<\/div>\n\t\t\t\t<\/div>\n\t\t\t\t<\/div>\n\t\t\t\t\t<\/div>\n\t\t\t\t<\/div>\n\t\t<div class=\"elementor-element elementor-element-688e07a e-flex e-con-boxed e-con e-parent\" data-id=\"688e07a\" data-element_type=\"container\" data-e-type=\"container\">\n\t\t\t\t\t<div class=\"e-con-inner\">\n\t\t\t\t<div class=\"elementor-element elementor-element-a61d7bb elementor-widget elementor-widget-spacer\" data-id=\"a61d7bb\" data-element_type=\"widget\" data-e-type=\"widget\" data-widget_type=\"spacer.default\">\n\t\t\t\t<div class=\"elementor-widget-container\">\n\t\t\t\t\t\t\t<div class=\"elementor-spacer\">\n\t\t\t<div class=\"elementor-spacer-inner\"><\/div>\n\t\t<\/div>\n\t\t\t\t\t\t<\/div>\n\t\t\t\t<\/div>\n\t\t\t\t\t<\/div>\n\t\t\t\t<\/div>\n\t\t\t\t<\/div>","protected":false},"excerpt":{"rendered":"<p>Partenaire VKARD HDkard est fier de s&rsquo;\u00eatre associ\u00e9 \u00e0 VKARD, le leader fran\u00e7ais de la production de cartes \u00e9quip\u00e9es de la technologie NFC. En combinant nos comp\u00e9tences et notre expertise, nous sommes en mesure de vous offrir des cartes de visite 100% connect\u00e9es, dot\u00e9es de la technologie NFC de derni\u00e8re g\u00e9n\u00e9ration.\u00a0 Notre partenariat avec VDKARD [&hellip;]<\/p>\n","protected":false},"author":2,"featured_media":0,"parent":0,"menu_order":0,"comment_status":"closed","ping_status":"closed","template":"","meta":{"footnotes":""},"class_list":["post-9565","page","type-page","status-publish","hentry"],"_links":{"self":[{"href":"https:\/\/hdkard.com\/en\/wp-json\/wp\/v2\/pages\/9565","targetHints":{"allow":["GET"]}}],"collection":[{"href":"https:\/\/hdkard.com\/en\/wp-json\/wp\/v2\/pages"}],"about":[{"href":"https:\/\/hdkard.com\/en\/wp-json\/wp\/v2\/types\/page"}],"author":[{"embeddable":true,"href":"https:\/\/hdkard.com\/en\/wp-json\/wp\/v2\/users\/2"}],"replies":[{"embeddable":true,"href":"https:\/\/hdkard.com\/en\/wp-json\/wp\/v2\/comments?post=9565"}],"version-history":[{"count":136,"href":"https:\/\/hdkard.com\/en\/wp-json\/wp\/v2\/pages\/9565\/revisions"}],"predecessor-version":[{"id":10443,"href":"https:\/\/hdkard.com\/en\/wp-json\/wp\/v2\/pages\/9565\/revisions\/10443"}],"wp:attachment":[{"href":"https:\/\/hdkard.com\/en\/wp-json\/wp\/v2\/media?parent=9565"}],"curies":[{"name":"wp","href":"https:\/\/api.w.org\/{rel}","templated":true}]}}