{"id":11030,"date":"2023-05-04T17:47:58","date_gmt":"2023-05-04T15:47:58","guid":{"rendered":"https:\/\/hdkard.com\/?post_type=product&#038;p=11030"},"modified":"2024-04-05T16:09:20","modified_gmt":"2024-04-05T14:09:20","slug":"organic-bambou","status":"publish","type":"product","link":"https:\/\/hdkard.com\/en\/product\/organic-bambou\/","title":{"rendered":"Organic Bambou *"},"content":{"rendered":"<div>Votre carte de visite HDkard vous permet de communiquer vos coordonn\u00e9es avec vos interlocuteurs.<\/div>\n<div>Elle est disponible en quatre mod\u00e8les, de la basique au premium \u00e0 savoir : la Pure Class, l\u2019Organic Bamboo, la Pure Silver et la 18K.<\/div>\n<div>Faites le choix du mod\u00e8le qui vous convient en cliquant sur l\u2019une des d\u00e9clinaisons disponibles.<\/div>\n<div>\n<ul>\n<li>Poids : 5 g<\/li>\n<li>\u00c9paisseur : 1,5 mm<\/li>\n<li>Dimensions : 8.53&#215;5.4cm<\/li>\n<li>Mati\u00e8re : Bamboo<\/li>\n<li>Technologie : NFC &amp; QR code<\/li>\n<li>Compatibilit\u00e9 : iOS &amp; Android. Aucune application n\u00e9cessaire.<\/li>\n<li>Mise \u00e0 jour des coordonn\u00e9es gratuite et illimit\u00e9e<\/li>\n<li>Personnalis\u00e9e vous-m\u00eame votre design<\/li>\n<li>Fabriqu\u00e9e en France<\/li>\n<li>Mention VKARD pr\u00e9sente sur la carte<\/li>\n<li>V\u00e9ritable bamboo<\/li>\n<li>Grav\u00e9e au laser (monochrome) ou imprim\u00e9e en couleur<\/li>\n<li>Personnalisable<\/li>\n<li>Technologie sans contact<\/li>\n<li>QR code disponible<\/li>\n<li>Fonctionne avec Apple et Android<\/li>\n<li>Donn\u00e9es crypt\u00e9es et s\u00e9curis\u00e9es<\/li>\n<li>Design\u00e9e et fabriqu\u00e9e en France<\/li>\n<\/ul>\n<div><\/div>\n<div><\/div>\n<div><\/div>\n<\/div>","protected":false},"excerpt":{"rendered":"<p class=\"price_unite\">*prix unitaire<\/p>\n<p class=\"note_hdkr\"><strong>La personnalisation de votre HDkard d\u00e9bute par email apr\u00e8s la commande<\/strong><\/p>\n<table id=\"tbloo_fine_trash_plugifyy4985\" class=\"table tbloo_fine_trash_plugifyy\" style=\"width: 98%;\">\n<tbody>\n<tr>\n<th style=\"width: 25% !important;\">3-4 cartes<\/th>\n<th style=\"width: 25% !important;\">5-9 cartes<\/th>\n<th style=\"width: 25% !important;\">10-19 cartes<\/th>\n<th style=\"width: 25% !important;\">20-29 cartes<\/th>\n<\/tr>\n<tr>\n<td style=\"width: 25% !important;\">59,00 \u20ac<\/td>\n<td style=\"width: 25% !important;\">49,00 \u20ac<\/td>\n<td style=\"width: 25% !important;\">47,00 \u20ac<\/td>\n<td style=\"width: 25% !important;\">45,00 \u20ac<\/td>\n<\/tr>\n<\/tbody>\n<\/table>\n<p style=\"color: #FF8C00\">*prix d\u00e9gressif suivant la quantit\u00e9<\/p>\n<p><strong>Carte de visite sans contact Bamboo<\/strong><\/p>\n<div>Ce mod\u00e8le est fabriqu\u00e9 en bambou et est disponible uniquement en couleur bambou. Il est possible de personnaliser la carte \u00e0 l\u2019image de votre entreprise. La NFC fonctionne sur le recto comme le verso de la carte.<\/div>\n<p>La personnalisation de votre HDkard d\u00e9bute par email apr\u00e8s la commande<\/p>\n<div><\/div>","protected":false},"featured_media":9716,"comment_status":"closed","ping_status":"closed","template":"","meta":[],"product_brand":[],"product_cat":[15],"product_tag":[],"class_list":{"0":"post-11030","1":"product","2":"type-product","3":"status-publish","4":"has-post-thumbnail","6":"product_cat-uncategorized","8":"first","9":"instock","10":"sale","11":"taxable","12":"shipping-taxable","13":"purchasable","14":"product-type-simple"},"_links":{"self":[{"href":"https:\/\/hdkard.com\/en\/wp-json\/wp\/v2\/product\/11030","targetHints":{"allow":["GET"]}}],"collection":[{"href":"https:\/\/hdkard.com\/en\/wp-json\/wp\/v2\/product"}],"about":[{"href":"https:\/\/hdkard.com\/en\/wp-json\/wp\/v2\/types\/product"}],"replies":[{"embeddable":true,"href":"https:\/\/hdkard.com\/en\/wp-json\/wp\/v2\/comments?post=11030"}],"version-history":[{"count":4,"href":"https:\/\/hdkard.com\/en\/wp-json\/wp\/v2\/product\/11030\/revisions"}],"predecessor-version":[{"id":11032,"href":"https:\/\/hdkard.com\/en\/wp-json\/wp\/v2\/product\/11030\/revisions\/11032"}],"wp:featuredmedia":[{"embeddable":true,"href":"https:\/\/hdkard.com\/en\/wp-json\/wp\/v2\/media\/9716"}],"wp:attachment":[{"href":"https:\/\/hdkard.com\/en\/wp-json\/wp\/v2\/media?parent=11030"}],"wp:term":[{"taxonomy":"product_brand","embeddable":true,"href":"https:\/\/hdkard.com\/en\/wp-json\/wp\/v2\/product_brand?post=11030"},{"taxonomy":"product_cat","embeddable":true,"href":"https:\/\/hdkard.com\/en\/wp-json\/wp\/v2\/product_cat?post=11030"},{"taxonomy":"product_tag","embeddable":true,"href":"https:\/\/hdkard.com\/en\/wp-json\/wp\/v2\/product_tag?post=11030"}],"curies":[{"name":"wp","href":"https:\/\/api.w.org\/{rel}","templated":true}]}}