{"id":11215,"date":"2023-10-13T11:57:57","date_gmt":"2023-10-13T09:57:57","guid":{"rendered":"https:\/\/hdkard.com\/?post_type=product&#038;p=11215"},"modified":"2023-10-13T12:58:33","modified_gmt":"2023-10-13T10:58:33","slug":"carte-nfc-avis-google","status":"publish","type":"product","link":"https:\/\/hdkard.com\/en\/product\/carte-nfc-avis-google\/","title":{"rendered":"Carte NFC avis Google"},"content":{"rendered":"<h2 style=\"text-align: center;\">Le futur succ\u00e8s de votre entreprise d\u00e9pend des avis de vos clients<\/h2>\n<p style=\"text-align: center;\">Plus de 80% des consommateurs consultent les avis clients avant de se lancer dans l\u2019achat.<\/p>\n<p style=\"text-align: center;\">Pourquoi acheter des faux avis avis Google et risquer une perte de position dans les moteurs de recherche quand vous pouvez en obtenir des dizaines de vrais par jour ?<\/p>\n<p style=\"text-align: center;\">VKARD vous fourni une carte pr\u00eate \u00e0 l\u2019emploi, qui, une fois configur\u00e9e en 3 \u00e9tapes sera 100% op\u00e9rationnelle.<\/p>\n<p style=\"text-align: center;\">Commencez d\u00e8s maintenant \u00e0 obtenir\u00a0<strong>de vrais avis clients.<\/strong><\/p>","protected":false},"excerpt":{"rendered":"<h2>Boostez la r\u00e9putation de votre<br \/>\nentreprise locale.<\/h2>\n<p>La\u00a0<strong>VKARD Stars<\/strong>\u00a0est la solution unique, simple et instantan\u00e9e, qui utilise la technologie sans contact.<\/p>\n<h3 class=\"LC20lb MBeuO DKV0Md\">Et si vous aviez\u00a0\u2b50\u2b50\u2b50\u2b50\u2b50\u00a0 sur votre fiche Google ?<\/h3>\n<h3 class=\"LC20lb MBeuO DKV0Md\">Notre carte avis sans contact NFC vous permet de collecter les avis de vos clients\u00a0 facilement\u00a0 et rapidement sur Google My Business<\/h3>\n<hr \/>\n<p>La VKARD Stars est une carte de visite NFC et Digitale\u00a0<strong>pr\u00eate \u00e0 \u00eatre configur\u00e9e en toute autonomie<\/strong>\u00a0d\u00e8s sa r\u00e9ception chez vous !<\/p>\n<p>Le design de la carte est unique et n&rsquo;est pas personnalisable.<\/p>\n<hr \/>\n<p>D&rsquo;une dimension standard format carte bleue, la VKARD Stars est l&rsquo;outil parfait pour d\u00e9velopper votre Shop ou votre business en ligne !<\/p>","protected":false},"featured_media":11232,"comment_status":"closed","ping_status":"closed","template":"","meta":[],"product_brand":[],"product_cat":[15],"product_tag":[],"class_list":{"0":"post-11215","1":"product","2":"type-product","3":"status-publish","4":"has-post-thumbnail","6":"product_cat-uncategorized","8":"first","9":"instock","10":"sale","11":"taxable","12":"shipping-taxable","13":"purchasable","14":"product-type-simple"},"_links":{"self":[{"href":"https:\/\/hdkard.com\/en\/wp-json\/wp\/v2\/product\/11215","targetHints":{"allow":["GET"]}}],"collection":[{"href":"https:\/\/hdkard.com\/en\/wp-json\/wp\/v2\/product"}],"about":[{"href":"https:\/\/hdkard.com\/en\/wp-json\/wp\/v2\/types\/product"}],"replies":[{"embeddable":true,"href":"https:\/\/hdkard.com\/en\/wp-json\/wp\/v2\/comments?post=11215"}],"version-history":[{"count":6,"href":"https:\/\/hdkard.com\/en\/wp-json\/wp\/v2\/product\/11215\/revisions"}],"predecessor-version":[{"id":11229,"href":"https:\/\/hdkard.com\/en\/wp-json\/wp\/v2\/product\/11215\/revisions\/11229"}],"wp:featuredmedia":[{"embeddable":true,"href":"https:\/\/hdkard.com\/en\/wp-json\/wp\/v2\/media\/11232"}],"wp:attachment":[{"href":"https:\/\/hdkard.com\/en\/wp-json\/wp\/v2\/media?parent=11215"}],"wp:term":[{"taxonomy":"product_brand","embeddable":true,"href":"https:\/\/hdkard.com\/en\/wp-json\/wp\/v2\/product_brand?post=11215"},{"taxonomy":"product_cat","embeddable":true,"href":"https:\/\/hdkard.com\/en\/wp-json\/wp\/v2\/product_cat?post=11215"},{"taxonomy":"product_tag","embeddable":true,"href":"https:\/\/hdkard.com\/en\/wp-json\/wp\/v2\/product_tag?post=11215"}],"curies":[{"name":"wp","href":"https:\/\/api.w.org\/{rel}","templated":true}]}}