{"id":8305,"date":"2022-11-21T13:59:29","date_gmt":"2022-11-21T12:59:29","guid":{"rendered":"https:\/\/hdkard.com\/?post_type=product&#038;p=8305"},"modified":"2023-05-30T18:05:41","modified_gmt":"2023-05-30T16:05:41","slug":"pure-silver","status":"publish","type":"product","link":"https:\/\/hdkard.com\/en\/product\/pure-silver\/","title":{"rendered":"Pure silver *"},"content":{"rendered":"<div>Votre carte de visite HDkard vous permet de communiquer vos coordonn\u00e9es avec vos interlocuteurs. Elle est disponible en quatre mod\u00e8les, de la basique au premium \u00e0 savoir : la Pure Class, l\u2019Organic Bamboo, la Pure Silver et la 18K. Faites le choix du mod\u00e8le qui vous convient en cliquant sur l\u2019une des d\u00e9clinaisons disponibles.<\/div>\n<div>\n<ul>\n<li><span data-contrast=\"none\">Poids : 17 g<\/span><span data-ccp-props=\"{&quot;201341983&quot;:1,&quot;335559739&quot;:160,&quot;335559740&quot;:360}\">\u00a0<\/span><\/li>\n<li><span data-contrast=\"none\">\u00c9paisseur : 1,1 mm<\/span><span data-ccp-props=\"{&quot;201341983&quot;:1,&quot;335559739&quot;:160,&quot;335559740&quot;:360}\">\u00a0<\/span><\/li>\n<li><span data-contrast=\"none\">Dimensions : 8,53&#215;5,4cm<\/span><\/li>\n<li><span data-contrast=\"none\">Mati\u00e8re : M\u00e9tal &amp; PVC (noir mat)<\/span><span data-ccp-props=\"{&quot;201341983&quot;:1,&quot;335559739&quot;:160,&quot;335559740&quot;:360}\">\u00a0<\/span><\/li>\n<li><span data-contrast=\"none\">Technologie : NFC &amp; QR code. NFC fonctionnel seulement sur la face PVC.<\/span><span data-ccp-props=\"{&quot;201341983&quot;:1,&quot;335559739&quot;:160,&quot;335559740&quot;:360}\">\u00a0<\/span><\/li>\n<li><span data-contrast=\"none\">Compatibilit\u00e9 : iOS &amp; Android. Aucune application n\u00e9cessaire.<\/span><span data-ccp-props=\"{&quot;201341983&quot;:1,&quot;335559739&quot;:160,&quot;335559740&quot;:360}\">\u00a0<\/span><\/li>\n<li><span data-contrast=\"none\">Mise \u00e0 jour des coordonn\u00e9es gratuite et illimit\u00e9e<\/span><span data-ccp-props=\"{&quot;201341983&quot;:1,&quot;335559739&quot;:160,&quot;335559740&quot;:360}\">\u00a0<\/span><\/li>\n<li><span data-contrast=\"none\">Personnalis\u00e9e vous-m\u00eame votre design<\/span><span data-ccp-props=\"{&quot;201341983&quot;:1,&quot;335559739&quot;:160,&quot;335559740&quot;:360}\">\u00a0<\/span><\/li>\n<li><span data-contrast=\"none\">Fabriqu\u00e9e en France<\/span><span data-ccp-props=\"{&quot;201341983&quot;:1,&quot;335559739&quot;:160,&quot;335559740&quot;:360}\">\u00a0<\/span><\/li>\n<li><span data-contrast=\"none\">Mention VKARD pr\u00e9sente sur la carte\u00a0<\/span><span data-ccp-props=\"{&quot;201341983&quot;:1,&quot;335559739&quot;:160,&quot;335559740&quot;:360}\">\u00a0<\/span><\/li>\n<li><span data-contrast=\"none\">Disponible en Noir uniquement<\/span><span data-ccp-props=\"{&quot;201341983&quot;:1,&quot;335559739&quot;:160,&quot;335559740&quot;:360}\">\u00a0<\/span><\/li>\n<li><span data-contrast=\"none\">Grav\u00e9e au laser au recto (argent). Impression argent\u00e9e au verso<\/span><span data-ccp-props=\"{&quot;201341983&quot;:1,&quot;335559739&quot;:160,&quot;335559740&quot;:360}\">\u00a0<\/span><\/li>\n<li><span data-contrast=\"none\">Personnalisable<\/span><span data-ccp-props=\"{&quot;201341983&quot;:1,&quot;335559739&quot;:160,&quot;335559740&quot;:360}\">\u00a0<\/span><\/li>\n<li><span data-contrast=\"none\">Technologie sans contact<\/span><span data-ccp-props=\"{&quot;201341983&quot;:1,&quot;335559739&quot;:160,&quot;335559740&quot;:360}\">\u00a0<\/span><\/li>\n<li><span data-contrast=\"none\">QR code disponible<\/span><span data-ccp-props=\"{&quot;201341983&quot;:1,&quot;335559739&quot;:160,&quot;335559740&quot;:360}\">\u00a0<\/span><\/li>\n<li><span data-contrast=\"none\">Fonctionne avec Apple et Android<\/span><span data-ccp-props=\"{&quot;201341983&quot;:1,&quot;335559739&quot;:160,&quot;335559740&quot;:360}\">\u00a0<\/span><\/li>\n<li><span data-contrast=\"none\">Donn\u00e9es crypt\u00e9es et s\u00e9curis\u00e9es<\/span><span data-ccp-props=\"{&quot;201341983&quot;:1,&quot;335559739&quot;:160,&quot;335559740&quot;:360}\">\u00a0<\/span><\/li>\n<li><span data-contrast=\"none\">Design\u00e9e et fabriqu\u00e9e en France<\/span><span data-ccp-props=\"{&quot;201341983&quot;:1,&quot;335559739&quot;:160,&quot;335559740&quot;:360}\">\u00a0<\/span><\/li>\n<\/ul>\n<div><\/div>\n<div><\/div>\n<div><\/div>\n<\/div>","protected":false},"excerpt":{"rendered":"<p class=\"price_unite\">*prix unitaire<\/p>\n<p class=\"note_hdkr\"><strong>La personnalisation de votre HDkard d\u00e9bute par email apr\u00e8s la commande<\/strong><\/p>\n<table id=\"tbloo_fine_trash_plugifyy4985\" class=\"table tbloo_fine_trash_plugifyy\" style=\"width: 98%;\">\n<tbody>\n<tr>\n<th style=\"width: 25% !important;\">3-4 cartes<\/th>\n<th style=\"width: 25% !important;\">5-9 cartes<\/th>\n<th style=\"width: 25% !important;\">10-19 cartes<\/th>\n<th style=\"width: 25% !important;\">20-29 cartes<\/th>\n<\/tr>\n<tr>\n<td style=\"width: 25% !important;\">89,00 \u20ac<\/td>\n<td style=\"width: 25% !important;\">79,00 \u20ac<\/td>\n<td style=\"width: 25% !important;\">75,00 \u20ac<\/td>\n<td style=\"width: 25% !important;\">71,00 \u20ac<\/td>\n<\/tr>\n<\/tbody>\n<\/table>\n<p style=\"color: #FF8C00\">*prix d\u00e9gressif suivant la quantit\u00e9<\/p>\n<p><strong>Carte hybride (m\u00e9tal et PVC) : Carte de visite sans contact Silver\u00a0<\/strong><\/p>\n<div>La HDkard Pure Silver est une carte de visite hybride. Elle est constitu\u00e9e d\u2019une face en PVC et d\u2019une face en m\u00e9tal.<\/div>\n<div>La partie m\u00e9tal est disponible uniquement en noir est grav\u00e9e au laser, tandis que la partie PVC est personnalisable selon vos pr\u00e9f\u00e9rences. La fonctionnalit\u00e9 sans contact NFC ne marche qu\u2019\u00e0 travers la face PVC.<\/div>\n<div><\/div>\n<div><\/div>","protected":false},"featured_media":9714,"comment_status":"open","ping_status":"closed","template":"","meta":[],"product_brand":[],"product_cat":[15],"product_tag":[],"class_list":{"0":"post-8305","1":"product","2":"type-product","3":"status-publish","4":"has-post-thumbnail","6":"product_cat-uncategorized","8":"first","9":"instock","10":"sale","11":"taxable","12":"shipping-taxable","13":"purchasable","14":"product-type-simple"},"_links":{"self":[{"href":"https:\/\/hdkard.com\/en\/wp-json\/wp\/v2\/product\/8305","targetHints":{"allow":["GET"]}}],"collection":[{"href":"https:\/\/hdkard.com\/en\/wp-json\/wp\/v2\/product"}],"about":[{"href":"https:\/\/hdkard.com\/en\/wp-json\/wp\/v2\/types\/product"}],"replies":[{"embeddable":true,"href":"https:\/\/hdkard.com\/en\/wp-json\/wp\/v2\/comments?post=8305"}],"version-history":[{"count":11,"href":"https:\/\/hdkard.com\/en\/wp-json\/wp\/v2\/product\/8305\/revisions"}],"predecessor-version":[{"id":10933,"href":"https:\/\/hdkard.com\/en\/wp-json\/wp\/v2\/product\/8305\/revisions\/10933"}],"wp:featuredmedia":[{"embeddable":true,"href":"https:\/\/hdkard.com\/en\/wp-json\/wp\/v2\/media\/9714"}],"wp:attachment":[{"href":"https:\/\/hdkard.com\/en\/wp-json\/wp\/v2\/media?parent=8305"}],"wp:term":[{"taxonomy":"product_brand","embeddable":true,"href":"https:\/\/hdkard.com\/en\/wp-json\/wp\/v2\/product_brand?post=8305"},{"taxonomy":"product_cat","embeddable":true,"href":"https:\/\/hdkard.com\/en\/wp-json\/wp\/v2\/product_cat?post=8305"},{"taxonomy":"product_tag","embeddable":true,"href":"https:\/\/hdkard.com\/en\/wp-json\/wp\/v2\/product_tag?post=8305"}],"curies":[{"name":"wp","href":"https:\/\/api.w.org\/{rel}","templated":true}]}}