{"id":9246,"date":"2023-01-26T09:29:51","date_gmt":"2023-01-26T08:29:51","guid":{"rendered":"https:\/\/hdkard.com\/?post_type=product&#038;p=9246"},"modified":"2024-07-02T20:33:55","modified_gmt":"2024-07-02T18:33:55","slug":"pure-class-black","status":"publish","type":"product","link":"https:\/\/hdkard.com\/en\/product\/pure-class-black\/","title":{"rendered":"Pure class Black"},"content":{"rendered":"<div>Votre carte de visite HDkard vous permet de communiquer vos coordonn\u00e9es avec vos interlocuteurs.<\/div>\n<div>Elle est disponible en quatre mod\u00e8les, de la basique au premium \u00e0 savoir : la Pure Class, l\u2019Organic Bamboo, la Pure Silver et la 18K.<\/div>\n<div>Faites le choix du mod\u00e8le qui vous convient en cliquant sur l\u2019une des d\u00e9clinaisons disponibles.<\/div>\n<div>\n<ul>\n<li><span data-contrast=\"none\">Poids : 6 g<\/span><span data-ccp-props=\"{&quot;201341983&quot;:1,&quot;335559739&quot;:160,&quot;335559740&quot;:360}\">\u00a0<\/span><\/li>\n<li><span data-contrast=\"none\">\u00c9paisseur : 0,9 mm<\/span><span data-ccp-props=\"{&quot;201341983&quot;:1,&quot;335559739&quot;:160,&quot;335559740&quot;:360}\">\u00a0<\/span><\/li>\n<li><span data-contrast=\"none\">Dimensions : 8.53&#215;5.4 cm<\/span><\/li>\n<li><span data-contrast=\"none\">Mati\u00e8re : PVC (noir mat)<\/span><span data-ccp-props=\"{&quot;201341983&quot;:1,&quot;335559739&quot;:160,&quot;335559740&quot;:360}\">\u00a0<\/span><\/li>\n<li><span data-contrast=\"none\">Technologie : NFC &amp; QR code<\/span><span data-ccp-props=\"{&quot;201341983&quot;:1,&quot;335559739&quot;:160,&quot;335559740&quot;:360}\">\u00a0<\/span><\/li>\n<li><span data-contrast=\"none\">Compatibilit\u00e9 : iOS &amp; Android. Aucune application n\u00e9cessaire.<\/span><span data-ccp-props=\"{&quot;201341983&quot;:1,&quot;335559739&quot;:160,&quot;335559740&quot;:360}\">\u00a0<\/span><\/li>\n<li><span data-contrast=\"none\">Mise \u00e0 jour des coordonn\u00e9es gratuite et illimit\u00e9e<\/span><span data-ccp-props=\"{&quot;201341983&quot;:1,&quot;335559739&quot;:160,&quot;335559740&quot;:360}\">\u00a0<\/span><\/li>\n<li><span data-contrast=\"none\">Personnalis\u00e9e vous-m\u00eame votre design<\/span><span data-ccp-props=\"{&quot;201341983&quot;:1,&quot;335559739&quot;:160,&quot;335559740&quot;:360}\">\u00a0<\/span><\/li>\n<li><span data-contrast=\"none\">Fabriqu\u00e9e en France<\/span><span data-ccp-props=\"{&quot;201341983&quot;:1,&quot;335559739&quot;:160,&quot;335559740&quot;:360}\">\u00a0<\/span><\/li>\n<li><span data-contrast=\"none\">Mention VKARD pr\u00e9sente sur la carte<\/span><span data-ccp-props=\"{&quot;201341983&quot;:1,&quot;335559739&quot;:160,&quot;335559740&quot;:360}\">\u00a0<\/span><\/li>\n<li><span data-contrast=\"none\">Disponible en Noir\u00a0<\/span><\/li>\n<li><span data-contrast=\"none\">Technologie sans contact<\/span><span data-ccp-props=\"{&quot;201341983&quot;:1,&quot;335559739&quot;:160,&quot;335559740&quot;:360}\">\u00a0<\/span><\/li>\n<li><span data-contrast=\"none\">QR code disponible<\/span><span data-ccp-props=\"{&quot;201341983&quot;:1,&quot;335559739&quot;:160,&quot;335559740&quot;:360}\">\u00a0<\/span><\/li>\n<li><span data-contrast=\"none\">Fonctionne avec Apple et Android<\/span><span data-ccp-props=\"{&quot;201341983&quot;:1,&quot;335559739&quot;:160,&quot;335559740&quot;:360}\">\u00a0<\/span><\/li>\n<li><span data-contrast=\"none\">Donn\u00e9es crypt\u00e9es et s\u00e9curis\u00e9es<\/span><span data-ccp-props=\"{&quot;201341983&quot;:1,&quot;335559739&quot;:160,&quot;335559740&quot;:360}\">\u00a0<\/span><\/li>\n<li><span data-contrast=\"none\">Design\u00e9e et fabriqu\u00e9e en France<\/span><span data-ccp-props=\"{&quot;201341983&quot;:1,&quot;335559739&quot;:160,&quot;335559740&quot;:360}\">\u00a0<\/span><\/li>\n<\/ul>\n<div><\/div>\n<div>\n<div><strong>Fabrication\u00a0<\/strong><\/div>\n<div>Les cartes HDkard sont fabriqu\u00e9es en partenariat avec VKARD le fabricant num\u00e9ro 1 de cartes NFC en France.<\/div>\n<\/div>\n<div><\/div>\n<div><\/div>\n<\/div>","protected":false},"excerpt":{"rendered":"<p class=\"price_unite\">*prix unitaire<\/p>\n<p><strong>Carte de visite sans contact PVC HDkard <\/strong><\/p>\n<div class=\"plugify_table_parent_div_overflow\">\n<table id=\"tbloo_fine_trash_plugifyy4985\" class=\"table tbloo_fine_trash_plugifyy\" style=\"width: 98%;\">\n<tbody>\n<tr>\n<td style=\"width: 25% !important;\">\u00e0 partir de 3<\/td>\n<td style=\"width: 25% !important;\"><span class=\"woocommerce-Price-amount amount\">29.00 \u20ac<\/span><\/td>\n<\/tr>\n<\/tbody>\n<\/table>\n<\/div>\n<div>Le mod\u00e8le Pure class de la HDkard sans contact en PVC est disponible en noir. L\u2019impression est faite sur le recto et le verso. La NFC fonctionne sur les deux faces<\/div>\n<p><strong>Attention, c<\/strong><strong>e mod\u00e8le n&rsquo;est pas personnalisable<\/strong>. Pour le mod\u00e8le personnalisable, d\u00e9couvrez le mod\u00e8le\u00a0<a href=\"https:\/\/hdkard.com\/en\/product\/simpliste\/\">Pur Class PVC\u00a0<\/a><\/p>\n<div><\/div>","protected":false},"featured_media":9250,"comment_status":"open","ping_status":"closed","template":"","meta":[],"product_brand":[],"product_cat":[15],"product_tag":[53],"class_list":{"0":"post-9246","1":"product","2":"type-product","3":"status-publish","4":"has-post-thumbnail","6":"product_cat-uncategorized","7":"product_tag-carte-non-personnalisable","9":"first","10":"instock","11":"taxable","12":"shipping-taxable","13":"purchasable","14":"product-type-simple"},"_links":{"self":[{"href":"https:\/\/hdkard.com\/en\/wp-json\/wp\/v2\/product\/9246","targetHints":{"allow":["GET"]}}],"collection":[{"href":"https:\/\/hdkard.com\/en\/wp-json\/wp\/v2\/product"}],"about":[{"href":"https:\/\/hdkard.com\/en\/wp-json\/wp\/v2\/types\/product"}],"replies":[{"embeddable":true,"href":"https:\/\/hdkard.com\/en\/wp-json\/wp\/v2\/comments?post=9246"}],"version-history":[{"count":6,"href":"https:\/\/hdkard.com\/en\/wp-json\/wp\/v2\/product\/9246\/revisions"}],"predecessor-version":[{"id":10985,"href":"https:\/\/hdkard.com\/en\/wp-json\/wp\/v2\/product\/9246\/revisions\/10985"}],"wp:featuredmedia":[{"embeddable":true,"href":"https:\/\/hdkard.com\/en\/wp-json\/wp\/v2\/media\/9250"}],"wp:attachment":[{"href":"https:\/\/hdkard.com\/en\/wp-json\/wp\/v2\/media?parent=9246"}],"wp:term":[{"taxonomy":"product_brand","embeddable":true,"href":"https:\/\/hdkard.com\/en\/wp-json\/wp\/v2\/product_brand?post=9246"},{"taxonomy":"product_cat","embeddable":true,"href":"https:\/\/hdkard.com\/en\/wp-json\/wp\/v2\/product_cat?post=9246"},{"taxonomy":"product_tag","embeddable":true,"href":"https:\/\/hdkard.com\/en\/wp-json\/wp\/v2\/product_tag?post=9246"}],"curies":[{"name":"wp","href":"https:\/\/api.w.org\/{rel}","templated":true}]}}